{"id":24,"date":"2025-08-05T11:35:28","date_gmt":"2025-08-05T11:35:28","guid":{"rendered":"https:\/\/ladamebordeaux.com\/?page_id=24"},"modified":"2026-02-26T14:59:16","modified_gmt":"2026-02-26T14:59:16","slug":"mentions-legales","status":"publish","type":"page","link":"https:\/\/ladamebordeaux.com\/en\/mentions-legales\/","title":{"rendered":"Legal notices"},"content":{"rendered":"<div data-elementor-type=\"wp-page\" data-elementor-id=\"24\" class=\"elementor elementor-24\">\n\t\t\t\t<div class=\"elementor-element elementor-element-13890187 e-flex e-con-boxed wpr-particle-no wpr-jarallax-no wpr-parallax-no wpr-sticky-section-no wpr-equal-height-no e-con e-parent\" data-id=\"13890187\" data-element_type=\"container\" data-e-type=\"container\">\n\t\t\t\t\t<div class=\"e-con-inner\">\n\t\t\t\t<div class=\"elementor-element elementor-element-38391b93 elementor-widget elementor-widget-heading\" data-id=\"38391b93\" data-element_type=\"widget\" data-e-type=\"widget\" data-widget_type=\"heading.default\">\n\t\t\t\t\t<h1 class=\"elementor-heading-title elementor-size-default\">Legal notices<\/h1>\t\t\t\t<\/div>\n\t\t\t\t<div class=\"elementor-element elementor-element-2e64aed4 elementor-widget elementor-widget-text-editor\" data-id=\"2e64aed4\" data-element_type=\"widget\" data-e-type=\"widget\" data-widget_type=\"text-editor.default\">\n\t\t\t\t\t\t\t\t\t<h2><b>Informations g\u00e9n\u00e9rales<\/b><\/h2><ul><li><p class=\"p1\"><b>Nom de l\u2019entreprise<\/b><span class=\"s1\"> : LA DAME<\/span><\/p><\/li><li><p class=\"p1\"><span class=\"s1\"><b>Statut<\/b><\/span> : SARL (soci\u00e9t\u00e9 \u00e0 responsabilit\u00e9 limit\u00e9e \u2013 activit\u00e9 de restauration traditionnelle)<\/p><\/li><li><p class=\"p1\"><span class=\"s1\"><b>Adresse du si\u00e8ge social<\/b><\/span> : Bassin \u00e0 Flots N\u00b01 \u2013 B\u00e2t G, 1 Quai Armand Lalande, 33300 Bordeaux, France<\/p><\/li><li><p class=\"p1\"><span class=\"s1\"><b>SIREN<\/b><\/span> : 422 831 859<\/p><\/li><li><p class=\"p1\"><span class=\"s1\"><b>SIRET (si\u00e8ge)<\/b><\/span> : 422 831 859 00034<\/p><\/li><li><p class=\"p1\"><span class=\"s1\"><b>Num\u00e9ro RCS<\/b><\/span> : 422 831 859 R.C.S. Bordeaux (inscrit le 05\/10\/2005)<\/p><\/li><li><p class=\"p1\"><b>Num\u00e9ro de TVA intracommunautaire<\/b><span class=\"s1\"> : FR11422831859<\/span><\/p><\/li><li><p class=\"p1\"><span class=\"s1\"><b>Capital social<\/b><\/span> : 153 692,00 \u20ac<\/p><\/li><li><p class=\"p1\"><span class=\"s1\"><b>T\u00e9l\u00e9phone<\/b><\/span> : 05 47 30 37 33<\/p><\/li><li><p class=\"p1\"><span class=\"s1\"><b>Email<\/b><\/span> : contact@ladame.com<\/p><\/li><\/ul><hr \/><h2><b>Directeur de la publication<\/b><\/h2><ul><li><p class=\"p1\"><span class=\"s1\"><b>Nom<\/b><\/span> : Anthony RInguet<\/p><\/li><li><p class=\"p1\"><span class=\"s1\"><b>Email<\/b><\/span> : contact@ladame.com<\/p><\/li><\/ul><hr \/><h2><b>H\u00e9bergement du site<\/b><\/h2><ul><li><p class=\"p1\"><b>H\u00e9bergeur<\/b><span class=\"s1\"> : Ionos<\/span><\/p><\/li><li><p class=\"p1\"><span class=\"s1\"><b>Adresse de l\u2019h\u00e9bergeur<\/b><\/span> : 7 Place de la Gare, 57200 Sarreguemines, France<\/p><\/li><li><p class=\"p1\"><b>T\u00e9l\u00e9phone de l\u2019h\u00e9bergeur<\/b><span class=\"s1\"> : 0970 808 911<\/span><\/p><\/li><\/ul><hr \/><h2><b>Propri\u00e9t\u00e9 intellectuelle<\/b><\/h2><p class=\"p3\">L\u2019ensemble du contenu du site (textes, images, illustrations, vid\u00e9os, logos, etc.) est prot\u00e9g\u00e9 par les droits de propri\u00e9t\u00e9 intellectuelle et est la propri\u00e9t\u00e9 exclusive de <span class=\"s2\"><b>La Dame<\/b><\/span>, sauf mention contraire.<\/p><p class=\"p3\">Toute reproduction ou repr\u00e9sentation, m\u00eame partielle, sans autorisation pr\u00e9alable \u00e9crite est interdite.<\/p><p>Cr\u00e9ation du site internet : MA\u00cb CREATIVE STUDIO &#8211; Lourel Ma\u00eblline<\/p><hr \/><h2><b>Limitation de responsabilit\u00e9<\/b><\/h2><p class=\"p3\"><span class=\"s2\"><b>La Dame<\/b><\/span> ne saurait \u00eatre tenue responsable des dommages directs ou indirects pouvant d\u00e9couler de l\u2019acc\u00e8s ou de l\u2019utilisation du site ou des informations qui y sont publi\u00e9es.<\/p><hr \/><h2><b>Droit applicable<\/b><\/h2><p class=\"p3\">Tout litige li\u00e9 \u00e0 l\u2019utilisation de ce site est soumis au <span class=\"s2\"><b>droit fran\u00e7ais<\/b><\/span>.<\/p><p class=\"p3\">Il est fait attribution exclusive de juridiction aux tribunaux comp\u00e9tents de <span class=\"s2\"><b>Bordeaux<\/b><\/span>.<\/p>\t\t\t\t\t\t\t\t<\/div>\n\t\t\t\t\t<\/div>\n\t\t\t\t<\/div>\n\t\t\t\t<\/div>","protected":false},"excerpt":{"rendered":"<p>Mentions l\u00e9gales Informations g\u00e9n\u00e9rales Nom de l\u2019entreprise : LA DAME Statut : SARL (soci\u00e9t\u00e9 \u00e0 responsabilit\u00e9 limit\u00e9e \u2013 activit\u00e9 de restauration traditionnelle) Adresse du si\u00e8ge social : Bassin \u00e0 Flots N\u00b01 \u2013 B\u00e2t G, 1 Quai Armand Lalande, 33300 Bordeaux, France SIREN : 422 831 859 SIRET (si\u00e8ge) : 422 831 859 00034 Num\u00e9ro RCS : 422 831 859 R.C.S. Bordeaux (inscrit le 05\/10\/2005) Num\u00e9ro de TVA intracommunautaire : FR11422831859 Capital social : 153 692,00 \u20ac T\u00e9l\u00e9phone : 05 47 30 37 33 Email : contact@ladame.com Directeur de la publication Nom : Anthony RInguet Email : contact@ladame.com H\u00e9bergement du site H\u00e9bergeur : Ionos Adresse de l\u2019h\u00e9bergeur : 7 Place de la Gare, 57200 Sarreguemines, France T\u00e9l\u00e9phone de l\u2019h\u00e9bergeur : 0970 808 911 Propri\u00e9t\u00e9 intellectuelle L\u2019ensemble du contenu du site (textes, images, illustrations, vid\u00e9os, logos, etc.) est prot\u00e9g\u00e9 par les droits de propri\u00e9t\u00e9 intellectuelle et est la propri\u00e9t\u00e9 exclusive de La Dame, sauf mention contraire. Toute reproduction ou repr\u00e9sentation, m\u00eame partielle, sans autorisation pr\u00e9alable \u00e9crite est interdite. Cr\u00e9ation du site internet : MA\u00cb CREATIVE STUDIO &#8211; Lourel Ma\u00eblline Limitation de responsabilit\u00e9 La Dame ne saurait \u00eatre tenue responsable des dommages directs ou indirects pouvant d\u00e9couler de l\u2019acc\u00e8s ou de l\u2019utilisation du site ou des informations qui y sont publi\u00e9es. Droit applicable Tout litige li\u00e9 \u00e0 l\u2019utilisation de ce site est soumis au droit fran\u00e7ais. Il est fait attribution exclusive de juridiction aux tribunaux comp\u00e9tents de Bordeaux.<\/p>","protected":false},"author":1,"featured_media":0,"parent":0,"menu_order":0,"comment_status":"closed","ping_status":"closed","template":"","meta":{"googlesitekit_rrm_CAowjbbFDA:productID":"","footnotes":""},"class_list":["post-24","page","type-page","status-publish","hentry"],"yoast_head":"<!-- This site is optimized with the Yoast SEO plugin v27.3 - https:\/\/yoast.com\/product\/yoast-seo-wordpress\/ -->\n<title>Mentions l\u00e9gales - La Dame<\/title>\n<meta name=\"robots\" content=\"index, follow, max-snippet:-1, max-image-preview:large, max-video-preview:-1\" \/>\n<link rel=\"canonical\" href=\"https:\/\/ladamebordeaux.com\/en\/mentions-legales\/\" \/>\n<meta property=\"og:locale\" content=\"en_US\" \/>\n<meta property=\"og:type\" content=\"article\" \/>\n<meta property=\"og:title\" content=\"Mentions l\u00e9gales - La Dame\" \/>\n<meta property=\"og:description\" content=\"Mentions l\u00e9gales Informations g\u00e9n\u00e9rales Nom de l\u2019entreprise : LA DAME Statut : SARL (soci\u00e9t\u00e9 \u00e0 responsabilit\u00e9 limit\u00e9e \u2013 activit\u00e9 de restauration traditionnelle) Adresse du si\u00e8ge social : Bassin \u00e0 Flots N\u00b01 \u2013 B\u00e2t G, 1 Quai Armand Lalande, 33300 Bordeaux, France SIREN : 422 831 859 SIRET (si\u00e8ge) : 422 831 859 00034 Num\u00e9ro RCS : 422 831 859 R.C.S. Bordeaux (inscrit le 05\/10\/2005) Num\u00e9ro de TVA intracommunautaire : FR11422831859 Capital social : 153 692,00 \u20ac T\u00e9l\u00e9phone : 05 47 30 37 33 Email : contact@ladame.com Directeur de la publication Nom : Anthony RInguet Email : contact@ladame.com H\u00e9bergement du site H\u00e9bergeur : Ionos Adresse de l\u2019h\u00e9bergeur : 7 Place de la Gare, 57200 Sarreguemines, France T\u00e9l\u00e9phone de l\u2019h\u00e9bergeur : 0970 808 911 Propri\u00e9t\u00e9 intellectuelle L\u2019ensemble du contenu du site (textes, images, illustrations, vid\u00e9os, logos, etc.) est prot\u00e9g\u00e9 par les droits de propri\u00e9t\u00e9 intellectuelle et est la propri\u00e9t\u00e9 exclusive de La Dame, sauf mention contraire. Toute reproduction ou repr\u00e9sentation, m\u00eame partielle, sans autorisation pr\u00e9alable \u00e9crite est interdite. Cr\u00e9ation du site internet : MA\u00cb CREATIVE STUDIO &#8211; Lourel Ma\u00eblline Limitation de responsabilit\u00e9 La Dame ne saurait \u00eatre tenue responsable des dommages directs ou indirects pouvant d\u00e9couler de l\u2019acc\u00e8s ou de l\u2019utilisation du site ou des informations qui y sont publi\u00e9es. Droit applicable Tout litige li\u00e9 \u00e0 l\u2019utilisation de ce site est soumis au droit fran\u00e7ais. Il est fait attribution exclusive de juridiction aux tribunaux comp\u00e9tents de Bordeaux.\" \/>\n<meta property=\"og:url\" content=\"https:\/\/ladamebordeaux.com\/en\/mentions-legales\/\" \/>\n<meta property=\"og:site_name\" content=\"La Dame\" \/>\n<meta property=\"article:modified_time\" content=\"2026-02-26T14:59:16+00:00\" \/>\n<meta name=\"twitter:card\" content=\"summary_large_image\" \/>\n<meta name=\"twitter:label1\" content=\"Est. reading time\" \/>\n\t<meta name=\"twitter:data1\" content=\"2 minutes\" \/>\n<script type=\"application\/ld+json\" class=\"yoast-schema-graph\">{\"@context\":\"https:\\\/\\\/schema.org\",\"@graph\":[{\"@type\":\"WebPage\",\"@id\":\"https:\\\/\\\/ladamebordeaux.com\\\/mentions-legales\\\/\",\"url\":\"https:\\\/\\\/ladamebordeaux.com\\\/mentions-legales\\\/\",\"name\":\"Mentions l\u00e9gales - La Dame\",\"isPartOf\":{\"@id\":\"https:\\\/\\\/ladamebordeaux.com\\\/#website\"},\"datePublished\":\"2025-08-05T11:35:28+00:00\",\"dateModified\":\"2026-02-26T14:59:16+00:00\",\"breadcrumb\":{\"@id\":\"https:\\\/\\\/ladamebordeaux.com\\\/mentions-legales\\\/#breadcrumb\"},\"inLanguage\":\"en-US\",\"potentialAction\":[{\"@type\":\"ReadAction\",\"target\":[\"https:\\\/\\\/ladamebordeaux.com\\\/mentions-legales\\\/\"]}]},{\"@type\":\"BreadcrumbList\",\"@id\":\"https:\\\/\\\/ladamebordeaux.com\\\/mentions-legales\\\/#breadcrumb\",\"itemListElement\":[{\"@type\":\"ListItem\",\"position\":1,\"name\":\"Accueil\",\"item\":\"https:\\\/\\\/ladamebordeaux.com\\\/\"},{\"@type\":\"ListItem\",\"position\":2,\"name\":\"Mentions l\u00e9gales\"}]},{\"@type\":\"WebSite\",\"@id\":\"https:\\\/\\\/ladamebordeaux.com\\\/#website\",\"url\":\"https:\\\/\\\/ladamebordeaux.com\\\/\",\"name\":\"La Dame\",\"description\":\"YOU ARE LOVED\",\"potentialAction\":[{\"@type\":\"SearchAction\",\"target\":{\"@type\":\"EntryPoint\",\"urlTemplate\":\"https:\\\/\\\/ladamebordeaux.com\\\/?s={search_term_string}\"},\"query-input\":{\"@type\":\"PropertyValueSpecification\",\"valueRequired\":true,\"valueName\":\"search_term_string\"}}],\"inLanguage\":\"en-US\"}]}<\/script>\n<!-- \/ Yoast SEO plugin. -->","yoast_head_json":{"title":"Mentions l\u00e9gales - La Dame","robots":{"index":"index","follow":"follow","max-snippet":"max-snippet:-1","max-image-preview":"max-image-preview:large","max-video-preview":"max-video-preview:-1"},"canonical":"https:\/\/ladamebordeaux.com\/en\/mentions-legales\/","og_locale":"en_US","og_type":"article","og_title":"Mentions l\u00e9gales - La Dame","og_description":"Mentions l\u00e9gales Informations g\u00e9n\u00e9rales Nom de l\u2019entreprise : LA DAME Statut : SARL (soci\u00e9t\u00e9 \u00e0 responsabilit\u00e9 limit\u00e9e \u2013 activit\u00e9 de restauration traditionnelle) Adresse du si\u00e8ge social : Bassin \u00e0 Flots N\u00b01 \u2013 B\u00e2t G, 1 Quai Armand Lalande, 33300 Bordeaux, France SIREN : 422 831 859 SIRET (si\u00e8ge) : 422 831 859 00034 Num\u00e9ro RCS : 422 831 859 R.C.S. Bordeaux (inscrit le 05\/10\/2005) Num\u00e9ro de TVA intracommunautaire : FR11422831859 Capital social : 153 692,00 \u20ac T\u00e9l\u00e9phone : 05 47 30 37 33 Email : contact@ladame.com Directeur de la publication Nom : Anthony RInguet Email : contact@ladame.com H\u00e9bergement du site H\u00e9bergeur : Ionos Adresse de l\u2019h\u00e9bergeur : 7 Place de la Gare, 57200 Sarreguemines, France T\u00e9l\u00e9phone de l\u2019h\u00e9bergeur : 0970 808 911 Propri\u00e9t\u00e9 intellectuelle L\u2019ensemble du contenu du site (textes, images, illustrations, vid\u00e9os, logos, etc.) est prot\u00e9g\u00e9 par les droits de propri\u00e9t\u00e9 intellectuelle et est la propri\u00e9t\u00e9 exclusive de La Dame, sauf mention contraire. Toute reproduction ou repr\u00e9sentation, m\u00eame partielle, sans autorisation pr\u00e9alable \u00e9crite est interdite. Cr\u00e9ation du site internet : MA\u00cb CREATIVE STUDIO &#8211; Lourel Ma\u00eblline Limitation de responsabilit\u00e9 La Dame ne saurait \u00eatre tenue responsable des dommages directs ou indirects pouvant d\u00e9couler de l\u2019acc\u00e8s ou de l\u2019utilisation du site ou des informations qui y sont publi\u00e9es. Droit applicable Tout litige li\u00e9 \u00e0 l\u2019utilisation de ce site est soumis au droit fran\u00e7ais. Il est fait attribution exclusive de juridiction aux tribunaux comp\u00e9tents de Bordeaux.","og_url":"https:\/\/ladamebordeaux.com\/en\/mentions-legales\/","og_site_name":"La Dame","article_modified_time":"2026-02-26T14:59:16+00:00","twitter_card":"summary_large_image","twitter_misc":{"Est. reading time":"2 minutes"},"schema":{"@context":"https:\/\/schema.org","@graph":[{"@type":"WebPage","@id":"https:\/\/ladamebordeaux.com\/mentions-legales\/","url":"https:\/\/ladamebordeaux.com\/mentions-legales\/","name":"Mentions l\u00e9gales - La Dame","isPartOf":{"@id":"https:\/\/ladamebordeaux.com\/#website"},"datePublished":"2025-08-05T11:35:28+00:00","dateModified":"2026-02-26T14:59:16+00:00","breadcrumb":{"@id":"https:\/\/ladamebordeaux.com\/mentions-legales\/#breadcrumb"},"inLanguage":"en-US","potentialAction":[{"@type":"ReadAction","target":["https:\/\/ladamebordeaux.com\/mentions-legales\/"]}]},{"@type":"BreadcrumbList","@id":"https:\/\/ladamebordeaux.com\/mentions-legales\/#breadcrumb","itemListElement":[{"@type":"ListItem","position":1,"name":"Accueil","item":"https:\/\/ladamebordeaux.com\/"},{"@type":"ListItem","position":2,"name":"Mentions l\u00e9gales"}]},{"@type":"WebSite","@id":"https:\/\/ladamebordeaux.com\/#website","url":"https:\/\/ladamebordeaux.com\/","name":"La Dame","description":"YOU ARE LOVED","potentialAction":[{"@type":"SearchAction","target":{"@type":"EntryPoint","urlTemplate":"https:\/\/ladamebordeaux.com\/?s={search_term_string}"},"query-input":{"@type":"PropertyValueSpecification","valueRequired":true,"valueName":"search_term_string"}}],"inLanguage":"en-US"}]}},"_links":{"self":[{"href":"https:\/\/ladamebordeaux.com\/en\/wp-json\/wp\/v2\/pages\/24","targetHints":{"allow":["GET"]}}],"collection":[{"href":"https:\/\/ladamebordeaux.com\/en\/wp-json\/wp\/v2\/pages"}],"about":[{"href":"https:\/\/ladamebordeaux.com\/en\/wp-json\/wp\/v2\/types\/page"}],"author":[{"embeddable":true,"href":"https:\/\/ladamebordeaux.com\/en\/wp-json\/wp\/v2\/users\/1"}],"replies":[{"embeddable":true,"href":"https:\/\/ladamebordeaux.com\/en\/wp-json\/wp\/v2\/comments?post=24"}],"version-history":[{"count":0,"href":"https:\/\/ladamebordeaux.com\/en\/wp-json\/wp\/v2\/pages\/24\/revisions"}],"wp:attachment":[{"href":"https:\/\/ladamebordeaux.com\/en\/wp-json\/wp\/v2\/media?parent=24"}],"curies":[{"name":"wp","href":"https:\/\/api.w.org\/{rel}","templated":true}]}}